{"id":4209,"date":"2022-11-30T17:00:31","date_gmt":"2022-11-30T16:00:31","guid":{"rendered":"https:\/\/ch.dev.abetlaminati.com\/demande-dechantillons\/"},"modified":"2025-09-11T17:10:30","modified_gmt":"2025-09-11T15:10:30","slug":"demande-dechantillons","status":"publish","type":"page","link":"https:\/\/ch.abetlaminati.com\/fr\/demande-dechantillons\/","title":{"rendered":"Demande d&rsquo;\u00e9chantillons"},"content":{"rendered":"","protected":false},"excerpt":{"rendered":"","protected":false},"author":1,"featured_media":0,"parent":0,"menu_order":0,"comment_status":"closed","ping_status":"closed","template":"page-richiedi_campioni.php","meta":{"_acf_changed":false,"footnotes":""},"class_list":["post-4209","page","type-page","status-publish","hentry"],"acf":[],"yoast_head":"<!-- This site is optimized with the Yoast SEO plugin v25.7 - https:\/\/yoast.com\/wordpress\/plugins\/seo\/ -->\n<title>Demander des \u00e9chantillons | Abet Laminati CH<\/title>\n<meta name=\"description\" content=\"Commandez des \u00e9chantillons Abet Laminati pour d\u00e9couvrir textures et finitions haut de gamme adapt\u00e9es \u00e0 vos projets de design.\" \/>\n<meta name=\"robots\" content=\"index, follow, max-snippet:-1, max-image-preview:large, max-video-preview:-1\" \/>\n<link rel=\"canonical\" href=\"https:\/\/ch.abetlaminati.com\/demande-dechantillons\/\" \/>\n<meta property=\"og:locale\" content=\"fr_FR\" \/>\n<meta property=\"og:type\" content=\"article\" \/>\n<meta property=\"og:title\" content=\"Demander des \u00e9chantillons | Abet Laminati CH\" \/>\n<meta property=\"og:description\" content=\"Commandez des \u00e9chantillons Abet Laminati pour d\u00e9couvrir textures et finitions haut de gamme adapt\u00e9es \u00e0 vos projets de design.\" \/>\n<meta property=\"og:url\" content=\"https:\/\/ch.abetlaminati.com\/demande-dechantillons\/\" \/>\n<meta property=\"og:site_name\" content=\"Abet Laminati CH\" \/>\n<meta property=\"article:publisher\" content=\"https:\/\/www.facebook.com\/AbetLaminati\" \/>\n<meta property=\"article:modified_time\" content=\"2025-09-11T15:10:30+00:00\" \/>\n<meta name=\"twitter:card\" content=\"summary_large_image\" \/>\n<script type=\"application\/ld+json\" class=\"yoast-schema-graph\">{\"@context\":\"https:\/\/schema.org\",\"@graph\":[{\"@type\":\"WebPage\",\"@id\":\"https:\/\/ch.abetlaminati.com\/demande-dechantillons\/\",\"url\":\"https:\/\/ch.abetlaminati.com\/demande-dechantillons\/\",\"name\":\"Demander des \u00e9chantillons | Abet Laminati CH\",\"isPartOf\":{\"@id\":\"https:\/\/ch.abetlaminati.com\/de\/#website\"},\"datePublished\":\"2022-11-30T16:00:31+00:00\",\"dateModified\":\"2025-09-11T15:10:30+00:00\",\"description\":\"Commandez des \u00e9chantillons Abet Laminati pour d\u00e9couvrir textures et finitions haut de gamme adapt\u00e9es \u00e0 vos projets de design.\",\"breadcrumb\":{\"@id\":\"https:\/\/ch.abetlaminati.com\/demande-dechantillons\/#breadcrumb\"},\"inLanguage\":\"fr-FR\",\"potentialAction\":[{\"@type\":\"ReadAction\",\"target\":[\"https:\/\/ch.abetlaminati.com\/demande-dechantillons\/\"]}]},{\"@type\":\"BreadcrumbList\",\"@id\":\"https:\/\/ch.abetlaminati.com\/demande-dechantillons\/#breadcrumb\",\"itemListElement\":[{\"@type\":\"ListItem\",\"position\":1,\"name\":\"Home\",\"item\":\"https:\/\/ch.abetlaminati.com\/fr\/\"},{\"@type\":\"ListItem\",\"position\":2,\"name\":\"Demande d&#8217;\u00e9chantillons\"}]},{\"@type\":\"WebSite\",\"@id\":\"https:\/\/ch.abetlaminati.com\/de\/#website\",\"url\":\"https:\/\/ch.abetlaminati.com\/de\/\",\"name\":\"Abet Laminati\",\"description\":\"\",\"potentialAction\":[{\"@type\":\"SearchAction\",\"target\":{\"@type\":\"EntryPoint\",\"urlTemplate\":\"https:\/\/ch.abetlaminati.com\/de\/?s={search_term_string}\"},\"query-input\":{\"@type\":\"PropertyValueSpecification\",\"valueRequired\":true,\"valueName\":\"search_term_string\"}}],\"inLanguage\":\"fr-FR\"}]}<\/script>\n<!-- \/ Yoast SEO plugin. -->","yoast_head_json":{"title":"Demander des \u00e9chantillons | Abet Laminati CH","description":"Commandez des \u00e9chantillons Abet Laminati pour d\u00e9couvrir textures et finitions haut de gamme adapt\u00e9es \u00e0 vos projets de design.","robots":{"index":"index","follow":"follow","max-snippet":"max-snippet:-1","max-image-preview":"max-image-preview:large","max-video-preview":"max-video-preview:-1"},"canonical":"https:\/\/ch.abetlaminati.com\/demande-dechantillons\/","og_locale":"fr_FR","og_type":"article","og_title":"Demander des \u00e9chantillons | Abet Laminati CH","og_description":"Commandez des \u00e9chantillons Abet Laminati pour d\u00e9couvrir textures et finitions haut de gamme adapt\u00e9es \u00e0 vos projets de design.","og_url":"https:\/\/ch.abetlaminati.com\/demande-dechantillons\/","og_site_name":"Abet Laminati CH","article_publisher":"https:\/\/www.facebook.com\/AbetLaminati","article_modified_time":"2025-09-11T15:10:30+00:00","twitter_card":"summary_large_image","schema":{"@context":"https:\/\/schema.org","@graph":[{"@type":"WebPage","@id":"https:\/\/ch.abetlaminati.com\/demande-dechantillons\/","url":"https:\/\/ch.abetlaminati.com\/demande-dechantillons\/","name":"Demander des \u00e9chantillons | Abet Laminati CH","isPartOf":{"@id":"https:\/\/ch.abetlaminati.com\/de\/#website"},"datePublished":"2022-11-30T16:00:31+00:00","dateModified":"2025-09-11T15:10:30+00:00","description":"Commandez des \u00e9chantillons Abet Laminati pour d\u00e9couvrir textures et finitions haut de gamme adapt\u00e9es \u00e0 vos projets de design.","breadcrumb":{"@id":"https:\/\/ch.abetlaminati.com\/demande-dechantillons\/#breadcrumb"},"inLanguage":"fr-FR","potentialAction":[{"@type":"ReadAction","target":["https:\/\/ch.abetlaminati.com\/demande-dechantillons\/"]}]},{"@type":"BreadcrumbList","@id":"https:\/\/ch.abetlaminati.com\/demande-dechantillons\/#breadcrumb","itemListElement":[{"@type":"ListItem","position":1,"name":"Home","item":"https:\/\/ch.abetlaminati.com\/fr\/"},{"@type":"ListItem","position":2,"name":"Demande d&#8217;\u00e9chantillons"}]},{"@type":"WebSite","@id":"https:\/\/ch.abetlaminati.com\/de\/#website","url":"https:\/\/ch.abetlaminati.com\/de\/","name":"Abet Laminati","description":"","potentialAction":[{"@type":"SearchAction","target":{"@type":"EntryPoint","urlTemplate":"https:\/\/ch.abetlaminati.com\/de\/?s={search_term_string}"},"query-input":{"@type":"PropertyValueSpecification","valueRequired":true,"valueName":"search_term_string"}}],"inLanguage":"fr-FR"}]}},"_links":{"self":[{"href":"https:\/\/ch.abetlaminati.com\/fr\/wp-json\/wp\/v2\/pages\/4209","targetHints":{"allow":["GET"]}}],"collection":[{"href":"https:\/\/ch.abetlaminati.com\/fr\/wp-json\/wp\/v2\/pages"}],"about":[{"href":"https:\/\/ch.abetlaminati.com\/fr\/wp-json\/wp\/v2\/types\/page"}],"author":[{"embeddable":true,"href":"https:\/\/ch.abetlaminati.com\/fr\/wp-json\/wp\/v2\/users\/1"}],"replies":[{"embeddable":true,"href":"https:\/\/ch.abetlaminati.com\/fr\/wp-json\/wp\/v2\/comments?post=4209"}],"version-history":[{"count":1,"href":"https:\/\/ch.abetlaminati.com\/fr\/wp-json\/wp\/v2\/pages\/4209\/revisions"}],"predecessor-version":[{"id":9468,"href":"https:\/\/ch.abetlaminati.com\/fr\/wp-json\/wp\/v2\/pages\/4209\/revisions\/9468"}],"wp:attachment":[{"href":"https:\/\/ch.abetlaminati.com\/fr\/wp-json\/wp\/v2\/media?parent=4209"}],"curies":[{"name":"wp","href":"https:\/\/api.w.org\/{rel}","templated":true}]}}